{"id":3,"date":"2022-06-25T11:45:12","date_gmt":"2022-06-25T11:45:12","guid":{"rendered":"https:\/\/milenio.capital\/?page_id=3"},"modified":"2022-07-13T18:52:12","modified_gmt":"2022-07-13T18:52:12","slug":"privacy-policy","status":"publish","type":"page","link":"https:\/\/www.milenio.capital\/en\/privacy-policy\/","title":{"rendered":"Privacy Policy"},"content":{"rendered":"<h3><strong>1. Personal Data Processing<\/strong><\/h3>\n<p class=\"p1\">Mil\u00eanio understands the importance of the privacy of a User\u2019s Personal Data, the trust they have shown by sharing their Personal Data and their responsibility regarding this process and its transparency. Thus, Personal Data Processing shall be performed only in the cases allowed by the LGPD, with special mention to Mil\u00eanio fulfilling legal or regulatory obligation, or the need for Consent to be given by the Holder of the Personal Data.<\/p>\n<p class=\"p1\">Other possibilities that may give rise to Personal Data Processing by Mil\u00eanio relate to executing contracts or preliminary procedures related to contracts to which the Data Holder is a party, regular exercising of rights in judicial, administrative or arbitration proceedings, protecting the life or physical safety of the Holder or third parties, to meet the legitimate interests of the Controller or third parties, except in the case of the Holder\u2019s fundamental rights and freedoms that require protecting their Personal Data, in addition to relating to credit protection, prevail. Furthermore, Mil\u00eanio may use Personal Data to analyze the performance of its Website, measure the number of visits, verify Users&#8217; browsing habits, improve Users&#8217; browsing experiences on the Website, allow and facilitate communication with Users, including sending and receiving emails, sending marketing communications through previously authorized means, such as email and social media, or, in the case of investors or business partners, by sending regular reports on the investment vehicles managed by Mil\u00eanio.<\/p>\n<p class=\"p2\">The Processing Agents shall keep records regarding the Personal Data Processing they perform.<\/p>\n<h3><strong>2. Data Holder\u2019s Consent for Processing<\/strong><\/h3>\n<p class=\"p1\">Under the terms of the LGPD, it is important to point out that, in the case of Sensitive Personal Data, Personal Data of children, as well as international Data transfer operations, the Consent requirements are treated more strictly, so that the Holder&#8217;s manifestation is requested in a specific and prominent way, for specific purposes and, in the case of children, the Consent of a parent or guardian shall be obtained.<\/p>\n<p class=\"p1\">For cases in which User Consent is required for Data collection to occur, the request shall be made via email or Website, including: <b>(i)<\/b> specific Data Processing purpose, form and duration; <b>(ii)<\/b> the Controller\u2019s identification and contact information, which in this case is Mil\u00eanio; <b>(iii)<\/b> entities and respective responsibilities with whom the Data will be shared, if applicable; and <b>(iv)<\/b> rights of Data Holders, as provided for in the relevant legislation.<\/p>\n<p class=\"p1\">In the event of any change regarding the purpose of Processing the collected Personal Data, its form and\/or duration, Mil\u00eanio shall inform the Data Holder, who must assess whether or not to maintain their Consent.<\/p>\n<p class=\"p2\">Additionally, it should be noted that the Data Holder shall always have the option to revoke their Consent so that their Personal Data are no longer processed, at any time, through their clear expression under the terms set forth herein, by means of a free procedure and ensuring that their Processed Personal Data is deleted, unless the said Data are duly anonymized.<\/p>\n<h3><strong>3. Personal Data Collection<\/strong><\/h3>\n<p class=\"p1\">Mil\u00eanio shall collect the Personal Data entered or forwarded when, for example, the User: <b>(i)<\/b> accesses Mil\u00eanio channels (Website or social media), as well as makes contact through the Website or through the contact email provided therein; <b>(ii)<\/b> sends their resume for participating in a recruitment process; <b>(iii)<\/b> has a contractual, labor or corporate relationship with Mil\u00eanio; or <b>(iv)<\/b> completes registrations, proposals, simulations, contracts, expressions of interest in Mil\u00eanio products or services, and others.<\/p>\n<p><strong>Personal Data Provided Directly by the User<\/strong><\/p>\n<p class=\"p1\">It is important to clarify, initially, that Mil\u00eanio collects Personal Data from 4 (four) sources, namely: <b>(i)<\/b> Data provided by the User; <b>(ii)<\/b> Data provided by third parties; <b>(iii)<\/b> those that are operational in scope, collected during the use of any product or service offered by Mil\u00eanio; and <b>(iv)<\/b> those that are publicly available or made public by the User.<\/p>\n<p><strong>Personal Data Provided by Third Parties<\/strong><\/p>\n<p class=\"p1\">Mil\u00eanio may receive Personal Data through third parties, whether partners or service providers, who have some relationship with the User, such as, but not limited to, the following cases: <b>(i)<\/b> receipt of necessary documentation for analyzing investments from managed vehicles, such as corporate information of partners, service providers, as well as debtors and related parties of invested operations, and Data of its employees, such as directors, board members, partners, employees, and interns; <b>(ii)<\/b> receipt of information from investors, with the respective steps, as the case may be, for internal registration: and <b>(iii) <\/b>individual drawees\/debtors of credit rights acquired by investment funds under management by Mil\u00eanio.<\/p>\n<p><strong>Personal Data Under the Operational Scope<\/strong><\/p>\n<p class=\"p1\">Mil\u00eanio shall Process the Personal Data collected as a result of provision of services or its products, as well as from User interaction via the Website, social media, or other service channels.<\/p>\n<p><strong>Public Personal Data<\/strong><\/p>\n<p class=\"p1\">It is also possible that Mil\u00eanio collects Data from public databases, made available by authorities or bodies (such as the CVM, Boards of Trade or Federal Revenue, for example) or by third parties, or even Data made public on websites or social media, always respecting privacy and confidentiality.<\/p>\n<h3>4. Personal Data Sharing<\/h3>\n<p class=\"p1\">Mil\u00eanio shall not share User\u2019s Personal Data with third parties, except: <b>(i)<\/b> to comply with necessary measures under the terms of applicable laws, rules, regulations or self-regulations; <b>(ii)<\/b> in view of the existence of a disclosure obligation; <b>(iii)<\/b> for legitimate interest that requires disclosure; or <b>(iv)<\/b> at the User&#8217;s request, upon their express Consent.<\/p>\n<p class=\"p1\">In the case of data sharing, Mil\u00eanio shall make every effort to ensure that third parties, which have access to the User&#8217;s Personal Data, are aware of the criticality of their activity and the individual privacy rights of the Holder and, also, that they comply with all relevant data protection laws.<\/p>\n<p class=\"p1\">The third parties considered here, who may have access to Users&#8217; Personal Data are: <b>(i)<\/b> specialized service providers, such as consultants, auditors, legal services, debt collection companies, and others; <b>(ii)<\/b> courts, controlling bodies, regulatory authorities and self-regulatory entities; <b>(iii)<\/b> payment service providers and\/or banking institutions, for generating and controlling payments; <b>(iv)<\/b> any person or company, provided they have the Owner&#8217;s consent; and\/or <b>(v)<\/b> agents involved in activities related to managing investment funds, such as administrator, custodian, investment advisor distributor, and others.<\/p>\n<h3>5. International Transfer of Personal Data<\/h3>\n<p class=\"p1\">Users&#8217; Personal Data may be transferred and processed in other countries, in accordance with the cases provided for in the LGPD and applicable legislation, for the purposes provided for in this Policy. Any transaction that involves physically or virtually transmitting or sending Personal Data to a company or individual that is located in a place other than the Brazilian territory shall be considered an International Data Transfer.<\/p>\n<p class=\"p1\">As an example, Data may be transferred: <b>(i)<\/b> when stored on cloud computing servers located outside Brazil; <b>(ii)<\/b> to comply with legal and regulatory obligations; <b>(iii)<\/b> for regularly exercising rights in administrative, judicial or arbitration proceedings; and <b>(iv)<\/b> for investigating crimes and other illicit acts.<\/p>\n<p class=\"p1\">To this end, the requirements set forth by current legislation are observed, and leading security and privacy practices are adopted, thus ensuring integrity and confidentiality of Users&#8217; Personal Data.<\/p>\n<h3>6. Security Measures<\/h3>\n<p class=\"p1\">Mil\u00eanio adopts security, technical and administrative measures to ensure protection of Personal Data confidentiality and integrity from unauthorized access and from accidental or unlawful occurrences of destruction, loss, alteration, communication or any other form of inappropriate or illicit Processing. Information security is also one of the pillars to be respected and ensured by Personal Data Processing Agents.<\/p>\n<h3>7. Personal Data Storage<\/h3>\n<p class=\"p1\">Mil\u00eanio shall keep Personal Data for the period in which it is required for meeting the specific purposes for which it was collected, in compliance with LGPD principles. Without prejudice, Mil\u00eanio shall store Personal Data in a Database for possible legal and regulatory compliance, for 5 (five) years after the end of the contractual or commercial relationship.<\/p>\n<p class=\"p1\">From time to time, Mil\u00eanio technically analyzes the appropriate retention period for each type of collected Personal Data, considering its nature, need for collection and the purpose for which it will be Processed.<\/p>\n<h3>8. Cookies<\/h3>\n<p class=\"p1\">The Mil\u00eanio website makes use of cookies. Therefore, when accessing the Website, the User agrees to including cookies on their device.<\/p>\n<p class=\"p1\">Cookies are small text files stored in the User\u2019s browser or device. Cookies have different functions. They particularly enable the User to easily navigate through the pages and store their preferences, optimizing the experience. These cookies may be stored on the User&#8217;s machine for identifying their preferences and settings.<\/p>\n<p class=\"p1\">If a User wishes to refuse the installation of these cookies on their device and\/or opts for removing the cookies, that User may do by configuring<span class=\"Apple-converted-space\">\u00a0 <\/span>their browser. These cookies can be \u201ctemporary\u201d or \u201cpersistent\u201d, where a temporary cookie is automatically deleted when the User closes the browser, while a persistent cookie is stored on the User&#8217;s terminal for a certain period of time.<\/p>\n<p class=\"p1\">It is important to clarify that Mil\u00eanio is not responsible for the use of cookies by third parties. Users must be aware that cookies placed by third parties may eventually continue to monitor their online activities, even after leaving Mil\u00eanio\u2019s Website or social media, and it is recommended that the installed cookies be managed regularly.<\/p>\n<h3>9. Users\u2019 Rights<\/h3>\n<p class=\"p1\">As defined by the LGPD, every individual is guaranteed the ownership of their Personal Data and guaranteed the fundamental rights of freedom, intimacy and privacy.<\/p>\n<p class=\"p1\">Additionally, Users, as Holders of Personal Data, have the right to obtain the following from the Controller, regarding their Processed Personal Data, at any time and upon express request:<\/p>\n<ul class=\"ul1\">\n<li class=\"li2\">Access to and confirmation of the existence of Personal Data Processing;<\/li>\n<li class=\"li2\">Updating and correcting incomplete, inaccurate or outdated Data;<\/li>\n<li class=\"li2\">Anonymizing, blocking or eliminating unnecessary, excessive Data that has been Processed in violation of the provisions of the legislation;<\/li>\n<li class=\"li2\">Data Portability, subject to applicable rules and commercial and industrial secrets;<\/li>\n<li class=\"li2\">Information regarding the public and private entities with which the Controller performed Data usage sharing;<\/li>\n<li class=\"li2\">Information about the possibility of not providing Consent and about the consequences of denial;<\/li>\n<li class=\"li2\">Revoke the Consent for Personal Data Processing, which may be done at any time and free of charge, upon express request;<\/li>\n<li class=\"li2\">Request deletion of Personal Data Processed with Consent, except in cases where keeping the Data is necessary or permitted by law;<\/li>\n<li class=\"li2\">Opposition to Processing based on other legal grounds, in the event of non-compliance with the legislation, noting that there may be situations in which the Processing shall continue and the request for opposition is refused; and,<\/li>\n<li class=\"li2\">Request a review of decisions made solely on the basis of Automated Processing of Personal Data that affect them, such as credit decisions.<\/li>\n<\/ul>\n<p class=\"p3\">It is important to note that in certain situations, Personal Data Processing shall be maintained, even in the event of a Holder requesting Data deletion, opposition, blocking or anonymization. This occurs: <b>(i)<\/b> to comply with legal, contractual and regulatory obligations; <b>(ii)<\/b> to protect and exercise Mil\u00eanio\u2019s and Users\u2019 rights; and\/or <b>(iii)<\/b> for preventing illegal acts and in judicial, administrative and arbitration proceedings, including the questioning of third parties about their activities, and in other cases provided for in the legislation.<\/p>\n<p><strong>Data Protection Officer &#8211; DPO<\/strong><\/p>\n<p class=\"p1\">In case of doubts, comments and suggestions related to this Policy or, even for exercising any of the rights listed above or suspicion of improper use of their Personal Data, Users should contact Mil\u00eanio through the <span class=\"s1\"><b>dpo@milenio.capital<\/b><\/span><span class=\"Apple-converted-space\">\u00a0 <\/span>email. For exercising rights, Mil\u00eanio may request additional information and documents, in order to avoid fraud, as well as to follow the applicable legal provisions and ANPD guidelines.<\/p>\n<p class=\"p1\">Thus, Mil\u00eanio may fail to comply with a User&#8217;s request regarding exercising the rights listed above if there are legitimate reasons for doing so. Examples of legitimate reasons are: <b>(i)<\/b> if the disclosure of information violates Mil\u00eanio&#8217;s or third party&#8217;s business secrets; <b>(ii)<\/b> if the request for Data anonymizing, blocking or deletion is contrary to the legal, regulatory or self-regulatory obligation applicable to Mil\u00eanio or makes it impossible to fully and unrestrictedly defend Mil\u00eanio&#8217;s or third parties&#8217; rights, including in disputes of any kind. Also, it should be noted that some requests may require a longer response period, due to their complexity or impacts.<\/p>\n<p><strong>Policy\u2019s Term and Updates<\/strong><\/p>\n<p class=\"p1\">This Privacy Policy shall be reviewed annually, and its amendment shall take place if the need for updating its content is found, given that the rights guaranteed through this Policy cannot be reduced without the Holders\u2019 explicit Consent. This Policy may also be amended at any time due to circumstances that require such action.<\/p>\n","protected":false},"excerpt":{"rendered":"<p>1. Personal Data Processing Mil\u00eanio understands the importance of the privacy of a User\u2019s Personal Data, the trust they have shown by sharing their Personal Data and their responsibility regarding this process and its transparency. Thus, Personal Data Processing shall be performed only in the cases allowed by the LGPD, with special mention to Mil\u00eanio [&hellip;]<\/p>\n","protected":false},"author":1,"featured_media":0,"parent":0,"menu_order":0,"comment_status":"closed","ping_status":"closed","template":"pages\/privacy.php","meta":{"_coblocks_attr":"","_coblocks_dimensions":"","_coblocks_responsive_height":"","_coblocks_accordion_ie_support":"","footnotes":""},"class_list":["post-3","page","type-page","status-publish","hentry"],"yoast_head":"<!-- This site is optimized with the Yoast SEO plugin v27.4 - https:\/\/yoast.com\/product\/yoast-seo-wordpress\/ -->\n<title>Privacy Policy - Milenio Capital<\/title>\n<meta name=\"robots\" content=\"index, follow, max-snippet:-1, max-image-preview:large, max-video-preview:-1\" \/>\n<link rel=\"canonical\" href=\"https:\/\/www.milenio.capital\/en\/privacy-policy\/\" \/>\n<meta property=\"og:locale\" content=\"en_US\" \/>\n<meta property=\"og:type\" content=\"article\" \/>\n<meta property=\"og:title\" content=\"Privacy Policy - Milenio Capital\" \/>\n<meta property=\"og:description\" content=\"1. Personal Data Processing Mil\u00eanio understands the importance of the privacy of a User\u2019s Personal Data, the trust they have shown by sharing their Personal Data and their responsibility regarding this process and its transparency. Thus, Personal Data Processing shall be performed only in the cases allowed by the LGPD, with special mention to Mil\u00eanio [&hellip;]\" \/>\n<meta property=\"og:url\" content=\"https:\/\/www.milenio.capital\/en\/privacy-policy\/\" \/>\n<meta property=\"og:site_name\" content=\"Milenio Capital\" \/>\n<meta property=\"article:modified_time\" content=\"2022-07-13T18:52:12+00:00\" \/>\n<meta name=\"twitter:card\" content=\"summary_large_image\" \/>\n<meta name=\"twitter:label1\" content=\"Est. reading time\" \/>\n\t<meta name=\"twitter:data1\" content=\"11 minutes\" \/>\n<script type=\"application\/ld+json\" class=\"yoast-schema-graph\">{\"@context\":\"https:\\\/\\\/schema.org\",\"@graph\":[{\"@type\":\"WebPage\",\"@id\":\"https:\\\/\\\/www.milenio.capital\\\/en\\\/privacy-policy\\\/\",\"url\":\"https:\\\/\\\/www.milenio.capital\\\/en\\\/privacy-policy\\\/\",\"name\":\"Privacy Policy - Milenio Capital\",\"isPartOf\":{\"@id\":\"https:\\\/\\\/www.milenio.capital\\\/en\\\/#website\"},\"datePublished\":\"2022-06-25T11:45:12+00:00\",\"dateModified\":\"2022-07-13T18:52:12+00:00\",\"breadcrumb\":{\"@id\":\"https:\\\/\\\/www.milenio.capital\\\/en\\\/privacy-policy\\\/#breadcrumb\"},\"inLanguage\":\"en-US\",\"potentialAction\":[{\"@type\":\"ReadAction\",\"target\":[\"https:\\\/\\\/www.milenio.capital\\\/en\\\/privacy-policy\\\/\"]}]},{\"@type\":\"BreadcrumbList\",\"@id\":\"https:\\\/\\\/www.milenio.capital\\\/en\\\/privacy-policy\\\/#breadcrumb\",\"itemListElement\":[{\"@type\":\"ListItem\",\"position\":1,\"name\":\"In\u00edcio\",\"item\":\"https:\\\/\\\/www.milenio.capital\\\/en\\\/\"},{\"@type\":\"ListItem\",\"position\":2,\"name\":\"Privacy Policy\"}]},{\"@type\":\"WebSite\",\"@id\":\"https:\\\/\\\/www.milenio.capital\\\/en\\\/#website\",\"url\":\"https:\\\/\\\/www.milenio.capital\\\/en\\\/\",\"name\":\"Milenio Capital\",\"description\":\"Conectando empresas e investidores por meio de solu\u00e7\u00f5es de cr\u00e9dito customizadas.\",\"potentialAction\":[{\"@type\":\"SearchAction\",\"target\":{\"@type\":\"EntryPoint\",\"urlTemplate\":\"https:\\\/\\\/www.milenio.capital\\\/en\\\/?s={search_term_string}\"},\"query-input\":{\"@type\":\"PropertyValueSpecification\",\"valueRequired\":true,\"valueName\":\"search_term_string\"}}],\"inLanguage\":\"en-US\"}]}<\/script>\n<!-- \/ Yoast SEO plugin. -->","yoast_head_json":{"title":"Privacy Policy - Milenio Capital","robots":{"index":"index","follow":"follow","max-snippet":"max-snippet:-1","max-image-preview":"max-image-preview:large","max-video-preview":"max-video-preview:-1"},"canonical":"https:\/\/www.milenio.capital\/en\/privacy-policy\/","og_locale":"en_US","og_type":"article","og_title":"Privacy Policy - Milenio Capital","og_description":"1. Personal Data Processing Mil\u00eanio understands the importance of the privacy of a User\u2019s Personal Data, the trust they have shown by sharing their Personal Data and their responsibility regarding this process and its transparency. Thus, Personal Data Processing shall be performed only in the cases allowed by the LGPD, with special mention to Mil\u00eanio [&hellip;]","og_url":"https:\/\/www.milenio.capital\/en\/privacy-policy\/","og_site_name":"Milenio Capital","article_modified_time":"2022-07-13T18:52:12+00:00","twitter_card":"summary_large_image","twitter_misc":{"Est. reading time":"11 minutes"},"schema":{"@context":"https:\/\/schema.org","@graph":[{"@type":"WebPage","@id":"https:\/\/www.milenio.capital\/en\/privacy-policy\/","url":"https:\/\/www.milenio.capital\/en\/privacy-policy\/","name":"Privacy Policy - Milenio Capital","isPartOf":{"@id":"https:\/\/www.milenio.capital\/en\/#website"},"datePublished":"2022-06-25T11:45:12+00:00","dateModified":"2022-07-13T18:52:12+00:00","breadcrumb":{"@id":"https:\/\/www.milenio.capital\/en\/privacy-policy\/#breadcrumb"},"inLanguage":"en-US","potentialAction":[{"@type":"ReadAction","target":["https:\/\/www.milenio.capital\/en\/privacy-policy\/"]}]},{"@type":"BreadcrumbList","@id":"https:\/\/www.milenio.capital\/en\/privacy-policy\/#breadcrumb","itemListElement":[{"@type":"ListItem","position":1,"name":"In\u00edcio","item":"https:\/\/www.milenio.capital\/en\/"},{"@type":"ListItem","position":2,"name":"Privacy Policy"}]},{"@type":"WebSite","@id":"https:\/\/www.milenio.capital\/en\/#website","url":"https:\/\/www.milenio.capital\/en\/","name":"Milenio Capital","description":"Conectando empresas e investidores por meio de solu\u00e7\u00f5es de cr\u00e9dito customizadas.","potentialAction":[{"@type":"SearchAction","target":{"@type":"EntryPoint","urlTemplate":"https:\/\/www.milenio.capital\/en\/?s={search_term_string}"},"query-input":{"@type":"PropertyValueSpecification","valueRequired":true,"valueName":"search_term_string"}}],"inLanguage":"en-US"}]}},"_links":{"self":[{"href":"https:\/\/www.milenio.capital\/en\/wp-json\/wp\/v2\/pages\/3","targetHints":{"allow":["GET"]}}],"collection":[{"href":"https:\/\/www.milenio.capital\/en\/wp-json\/wp\/v2\/pages"}],"about":[{"href":"https:\/\/www.milenio.capital\/en\/wp-json\/wp\/v2\/types\/page"}],"author":[{"embeddable":true,"href":"https:\/\/www.milenio.capital\/en\/wp-json\/wp\/v2\/users\/1"}],"replies":[{"embeddable":true,"href":"https:\/\/www.milenio.capital\/en\/wp-json\/wp\/v2\/comments?post=3"}],"version-history":[{"count":5,"href":"https:\/\/www.milenio.capital\/en\/wp-json\/wp\/v2\/pages\/3\/revisions"}],"predecessor-version":[{"id":1380,"href":"https:\/\/www.milenio.capital\/en\/wp-json\/wp\/v2\/pages\/3\/revisions\/1380"}],"wp:attachment":[{"href":"https:\/\/www.milenio.capital\/en\/wp-json\/wp\/v2\/media?parent=3"}],"curies":[{"name":"wp","href":"https:\/\/api.w.org\/{rel}","templated":true}]}}