{"id":794,"date":"2022-06-24T23:13:31","date_gmt":"2022-06-24T23:13:31","guid":{"rendered":"https:\/\/futurebrand.dev\/milenio\/manifest\/"},"modified":"2022-07-21T12:15:26","modified_gmt":"2022-07-21T12:15:26","slug":"manifest","status":"publish","type":"page","link":"https:\/\/www.milenio.capital\/en\/manifest\/","title":{"rendered":"Manifest"},"content":{"rendered":"<p class=\"p1\"><b>The commitment to recognize and encourage innovative ideas. The ability to see the potential in business and its impact moving forward. The will to connect the financial market with the reality in today\u2019s world.<\/b><\/p>\n<p class=\"p2\">We also represent a time when things were simple. When a person\u2019s word was the most precious asset, and relationships were built on respect and trust. When each agreement was a partnership for generating mutual value, every decision was driven by what is right for everybody.<\/p>\n<p class=\"p2\">By combining expertise and experimentation, tradition and innovation, this is what sets us apart. Because we are not here to do more of the same, nor enter into a venture without full knowledge of it.<\/p>\n<p class=\"p2\">Every digital enterprise is able to offer financial products and services at scale to its clients. We want to raise the bar and provide what is exceptional, always based on the expertise of who understand the market\u2019s challenges and have the will to overcome them.<\/p>\n<p class=\"p2\">We are here to connect investors to entrepreneurs within Brazil and abroad with a solid network. Every investment is made with intelligence, care, control and with enthusiasm for finding unique opportunities, building new stories, fostering the technology ecosystem and that of other segments.<\/p>\n<p class=\"p2\">This is how we will change the mindset for doing business. We will take our clients to make steps forward, without losing sight of what bought us here.<\/p>\n","protected":false},"excerpt":{"rendered":"<p>The commitment to recognize and encourage innovative ideas. The ability to see the potential in business and its impact moving forward. The will to connect the financial market with the reality in today\u2019s world. We also represent a time when things were simple. When a person\u2019s word was the most precious asset, and relationships were [&hellip;]<\/p>\n","protected":false},"author":1,"featured_media":0,"parent":0,"menu_order":0,"comment_status":"closed","ping_status":"closed","template":"pages\/who-are-we.php","meta":{"_coblocks_attr":"","_coblocks_dimensions":"","_coblocks_responsive_height":"","_coblocks_accordion_ie_support":"","footnotes":""},"class_list":["post-794","page","type-page","status-publish","hentry"],"yoast_head":"<!-- This site is optimized with the Yoast SEO plugin v27.4 - https:\/\/yoast.com\/product\/yoast-seo-wordpress\/ -->\n<title>Manifest | Milenio Capital<\/title>\n<meta name=\"description\" content=\"The transformation of the credit market is only beginning. So is our legacy.\" \/>\n<meta name=\"robots\" content=\"index, follow, max-snippet:-1, max-image-preview:large, max-video-preview:-1\" \/>\n<link rel=\"canonical\" href=\"https:\/\/www.milenio.capital\/en\/manifest\/\" \/>\n<meta property=\"og:locale\" content=\"en_US\" \/>\n<meta property=\"og:type\" content=\"article\" \/>\n<meta property=\"og:title\" content=\"Manifest | Milenio Capital\" \/>\n<meta property=\"og:description\" content=\"The transformation of the credit market is only beginning. So is our legacy.\" \/>\n<meta property=\"og:url\" content=\"https:\/\/www.milenio.capital\/en\/manifest\/\" \/>\n<meta property=\"og:site_name\" content=\"Milenio Capital\" \/>\n<meta property=\"article:modified_time\" content=\"2022-07-21T12:15:26+00:00\" \/>\n<meta name=\"twitter:card\" content=\"summary_large_image\" \/>\n<meta name=\"twitter:label1\" content=\"Est. reading time\" \/>\n\t<meta name=\"twitter:data1\" content=\"2 minutes\" \/>\n<script type=\"application\/ld+json\" class=\"yoast-schema-graph\">{\"@context\":\"https:\\\/\\\/schema.org\",\"@graph\":[{\"@type\":\"WebPage\",\"@id\":\"https:\\\/\\\/www.milenio.capital\\\/en\\\/manifest\\\/\",\"url\":\"https:\\\/\\\/www.milenio.capital\\\/en\\\/manifest\\\/\",\"name\":\"Manifest | Milenio Capital\",\"isPartOf\":{\"@id\":\"https:\\\/\\\/www.milenio.capital\\\/en\\\/#website\"},\"datePublished\":\"2022-06-24T23:13:31+00:00\",\"dateModified\":\"2022-07-21T12:15:26+00:00\",\"description\":\"The transformation of the credit market is only beginning. So is our legacy.\",\"breadcrumb\":{\"@id\":\"https:\\\/\\\/www.milenio.capital\\\/en\\\/manifest\\\/#breadcrumb\"},\"inLanguage\":\"en-US\",\"potentialAction\":[{\"@type\":\"ReadAction\",\"target\":[\"https:\\\/\\\/www.milenio.capital\\\/en\\\/manifest\\\/\"]}]},{\"@type\":\"BreadcrumbList\",\"@id\":\"https:\\\/\\\/www.milenio.capital\\\/en\\\/manifest\\\/#breadcrumb\",\"itemListElement\":[{\"@type\":\"ListItem\",\"position\":1,\"name\":\"In\u00edcio\",\"item\":\"https:\\\/\\\/www.milenio.capital\\\/en\\\/\"},{\"@type\":\"ListItem\",\"position\":2,\"name\":\"Manifest\"}]},{\"@type\":\"WebSite\",\"@id\":\"https:\\\/\\\/www.milenio.capital\\\/en\\\/#website\",\"url\":\"https:\\\/\\\/www.milenio.capital\\\/en\\\/\",\"name\":\"Milenio Capital\",\"description\":\"Conectando empresas e investidores por meio de solu\u00e7\u00f5es de cr\u00e9dito customizadas.\",\"potentialAction\":[{\"@type\":\"SearchAction\",\"target\":{\"@type\":\"EntryPoint\",\"urlTemplate\":\"https:\\\/\\\/www.milenio.capital\\\/en\\\/?s={search_term_string}\"},\"query-input\":{\"@type\":\"PropertyValueSpecification\",\"valueRequired\":true,\"valueName\":\"search_term_string\"}}],\"inLanguage\":\"en-US\"}]}<\/script>\n<!-- \/ Yoast SEO plugin. -->","yoast_head_json":{"title":"Manifest | Milenio Capital","description":"The transformation of the credit market is only beginning. So is our legacy.","robots":{"index":"index","follow":"follow","max-snippet":"max-snippet:-1","max-image-preview":"max-image-preview:large","max-video-preview":"max-video-preview:-1"},"canonical":"https:\/\/www.milenio.capital\/en\/manifest\/","og_locale":"en_US","og_type":"article","og_title":"Manifest | Milenio Capital","og_description":"The transformation of the credit market is only beginning. So is our legacy.","og_url":"https:\/\/www.milenio.capital\/en\/manifest\/","og_site_name":"Milenio Capital","article_modified_time":"2022-07-21T12:15:26+00:00","twitter_card":"summary_large_image","twitter_misc":{"Est. reading time":"2 minutes"},"schema":{"@context":"https:\/\/schema.org","@graph":[{"@type":"WebPage","@id":"https:\/\/www.milenio.capital\/en\/manifest\/","url":"https:\/\/www.milenio.capital\/en\/manifest\/","name":"Manifest | Milenio Capital","isPartOf":{"@id":"https:\/\/www.milenio.capital\/en\/#website"},"datePublished":"2022-06-24T23:13:31+00:00","dateModified":"2022-07-21T12:15:26+00:00","description":"The transformation of the credit market is only beginning. So is our legacy.","breadcrumb":{"@id":"https:\/\/www.milenio.capital\/en\/manifest\/#breadcrumb"},"inLanguage":"en-US","potentialAction":[{"@type":"ReadAction","target":["https:\/\/www.milenio.capital\/en\/manifest\/"]}]},{"@type":"BreadcrumbList","@id":"https:\/\/www.milenio.capital\/en\/manifest\/#breadcrumb","itemListElement":[{"@type":"ListItem","position":1,"name":"In\u00edcio","item":"https:\/\/www.milenio.capital\/en\/"},{"@type":"ListItem","position":2,"name":"Manifest"}]},{"@type":"WebSite","@id":"https:\/\/www.milenio.capital\/en\/#website","url":"https:\/\/www.milenio.capital\/en\/","name":"Milenio Capital","description":"Conectando empresas e investidores por meio de solu\u00e7\u00f5es de cr\u00e9dito customizadas.","potentialAction":[{"@type":"SearchAction","target":{"@type":"EntryPoint","urlTemplate":"https:\/\/www.milenio.capital\/en\/?s={search_term_string}"},"query-input":{"@type":"PropertyValueSpecification","valueRequired":true,"valueName":"search_term_string"}}],"inLanguage":"en-US"}]}},"_links":{"self":[{"href":"https:\/\/www.milenio.capital\/en\/wp-json\/wp\/v2\/pages\/794","targetHints":{"allow":["GET"]}}],"collection":[{"href":"https:\/\/www.milenio.capital\/en\/wp-json\/wp\/v2\/pages"}],"about":[{"href":"https:\/\/www.milenio.capital\/en\/wp-json\/wp\/v2\/types\/page"}],"author":[{"embeddable":true,"href":"https:\/\/www.milenio.capital\/en\/wp-json\/wp\/v2\/users\/1"}],"replies":[{"embeddable":true,"href":"https:\/\/www.milenio.capital\/en\/wp-json\/wp\/v2\/comments?post=794"}],"version-history":[{"count":6,"href":"https:\/\/www.milenio.capital\/en\/wp-json\/wp\/v2\/pages\/794\/revisions"}],"predecessor-version":[{"id":1382,"href":"https:\/\/www.milenio.capital\/en\/wp-json\/wp\/v2\/pages\/794\/revisions\/1382"}],"wp:attachment":[{"href":"https:\/\/www.milenio.capital\/en\/wp-json\/wp\/v2\/media?parent=794"}],"curies":[{"name":"wp","href":"https:\/\/api.w.org\/{rel}","templated":true}]}}